{"id":2029,"date":"2022-02-03T16:05:11","date_gmt":"2022-02-03T21:05:11","guid":{"rendered":"https:\/\/hqecolombia.co\/hqeweb\/?page_id=2029"},"modified":"2025-04-21T11:13:05","modified_gmt":"2025-04-21T16:13:05","slug":"contactenos","status":"publish","type":"page","link":"https:\/\/hqecolombia.co\/hqeweb\/contactenos\/","title":{"rendered":"Contactenos"},"content":{"rendered":"\t\t<div data-elementor-type=\"wp-page\" data-elementor-id=\"2029\" class=\"elementor elementor-2029\" data-elementor-settings=\"[]\">\n\t\t\t\t\t\t<div class=\"elementor-inner\">\n\t\t\t\t\t\t\t<div class=\"elementor-section-wrap\">\n\t\t\t\t\t\t\t<section class=\"elementor-section elementor-top-section elementor-element elementor-element-8765193 elementor-section-boxed elementor-section-height-default elementor-section-height-default\" data-id=\"8765193\" data-element_type=\"section\">\n\t\t\t\t\t\t<div class=\"elementor-container elementor-column-gap-default\">\n\t\t\t\t\t\t\t<div class=\"elementor-row\">\n\t\t\t\t\t<div class=\"elementor-column elementor-col-100 elementor-top-column elementor-element elementor-element-1e23985\" data-id=\"1e23985\" data-element_type=\"column\">\n\t\t\t<div class=\"elementor-column-wrap elementor-element-populated\">\n\t\t\t\t\t\t\t<div class=\"elementor-widget-wrap\">\n\t\t\t\t\t\t\t\t<\/div>\n\t\t\t\t\t<\/div>\n\t\t<\/div>\n\t\t\t\t\t\t\t\t<\/div>\n\t\t\t\t\t<\/div>\n\t\t<\/section>\n\t\t\t\t<section class=\"elementor-section elementor-top-section elementor-element elementor-element-6e104bf elementor-section-boxed elementor-section-height-default elementor-section-height-default\" data-id=\"6e104bf\" data-element_type=\"section\">\n\t\t\t\t\t\t<div class=\"elementor-container elementor-column-gap-default\">\n\t\t\t\t\t\t\t<div class=\"elementor-row\">\n\t\t\t\t\t<div class=\"elementor-column elementor-col-100 elementor-top-column elementor-element elementor-element-56204ae\" data-id=\"56204ae\" data-element_type=\"column\" data-settings=\"{&quot;background_background&quot;:&quot;gradient&quot;}\">\n\t\t\t<div class=\"elementor-column-wrap elementor-element-populated\">\n\t\t\t\t\t<div class=\"elementor-background-overlay\"><\/div>\n\t\t\t\t\t\t\t<div class=\"elementor-widget-wrap\">\n\t\t\t\t\t\t<div class=\"elementor-element elementor-element-aff4412 elementor-widget elementor-widget-heading\" data-id=\"aff4412\" data-element_type=\"widget\" data-widget_type=\"heading.default\">\n\t\t\t\t<div class=\"elementor-widget-container\">\n\t\t\t<h2 class=\"elementor-heading-title elementor-size-default\">Contactenos<\/h2>\t\t<\/div>\n\t\t\t\t<\/div>\n\t\t\t\t<section class=\"elementor-section elementor-inner-section elementor-element elementor-element-1d139fc elementor-section-boxed elementor-section-height-default elementor-section-height-default\" data-id=\"1d139fc\" data-element_type=\"section\">\n\t\t\t\t\t\t<div class=\"elementor-container elementor-column-gap-default\">\n\t\t\t\t\t\t\t<div class=\"elementor-row\">\n\t\t\t\t\t<div class=\"elementor-column elementor-col-50 elementor-inner-column elementor-element elementor-element-aff7243\" data-id=\"aff7243\" data-element_type=\"column\">\n\t\t\t<div class=\"elementor-column-wrap elementor-element-populated\">\n\t\t\t\t\t\t\t<div class=\"elementor-widget-wrap\">\n\t\t\t\t\t\t<div class=\"elementor-element elementor-element-526967c elementor-widget elementor-widget-image\" data-id=\"526967c\" data-element_type=\"widget\" data-widget_type=\"image.default\">\n\t\t\t\t<div class=\"elementor-widget-container\">\n\t\t\t\t\t<div class=\"elementor-image\">\n\t\t\t\t\t\t\t\t\t\t<img width=\"205\" height=\"149\" src=\"https:\/\/hqecolombia.co\/hqeweb\/wp-content\/uploads\/2022\/02\/logo.jpg\" class=\"attachment-large size-large\" alt=\"\" decoding=\"async\" loading=\"lazy\" \/>\t\t\t\t\t\t\t\t\t\t\t<\/div>\n\t\t\t\t<\/div>\n\t\t\t\t<\/div>\n\t\t\t\t<div class=\"elementor-element elementor-element-67cc7f3 elementor-widget elementor-widget-text-editor\" data-id=\"67cc7f3\" data-element_type=\"widget\" data-widget_type=\"text-editor.default\">\n\t\t\t\t<div class=\"elementor-widget-container\">\n\t\t\t\t\t<div class=\"elementor-text-editor elementor-clearfix\"><p>Para nosotros es un gusto atender su solicitud. <br \/>Llene el formulario y en breve estaremos en contacto con usted.<\/p><\/div>\n\t\t\t\t<\/div>\n\t\t\t\t<\/div>\n\t\t\t\t<div class=\"elementor-element elementor-element-bfa9c51 elementor-widget elementor-widget-text-editor\" data-id=\"bfa9c51\" data-element_type=\"widget\" data-widget_type=\"text-editor.default\">\n\t\t\t\t<div class=\"elementor-widget-container\">\n\t\t\t\t\t<div class=\"elementor-text-editor elementor-clearfix\"><h5><img decoding=\"async\" src=\"https:\/\/www.hqecolombia.com\/hqeweb\/wp-content\/uploads\/2020\/12\/llamada.svg\" alt=\"\" width=\"20\">&nbsp;(+57) 313 3921540<br><a href=\"https:\/\/www.hqecolombia.com\/hqeweb\/wp-content\/uploads\/2020\/12\/correo-electronico.svg\"><img decoding=\"async\" src=\"https:\/\/www.hqecolombia.com\/hqeweb\/wp-content\/uploads\/2020\/12\/correo-electronico.svg\" alt=\"\" width=\"20\"><\/a>&nbsp; contacto@hqecolombia.com<br><a href=\"https:\/\/www.hqecolombia.com\/hqeweb\/wp-content\/uploads\/2020\/12\/ubicacion.svg\"><img decoding=\"async\" src=\"https:\/\/www.hqecolombia.com\/hqeweb\/wp-content\/uploads\/2020\/12\/ubicacion.svg\" alt=\"\" width=\"20\"><\/a>&nbsp; Carrera 14 #76-26 Of 705<\/h5>\n<h5>Notificaciones Judiciales:&nbsp;<br><a style=\"font-size: 14px; font-style: normal; font-weight: bold; color: #ffffff;\" href=\"https:\/\/www.hqecolombia.com\/hqeweb\/wp-content\/uploads\/2020\/12\/correo-electronico.svg\"><img decoding=\"async\" src=\"https:\/\/www.hqecolombia.com\/hqeweb\/wp-content\/uploads\/2020\/12\/correo-electronico.svg\" alt=\"\" width=\"20\"><\/a><span style=\"font-style: normal; font-weight: bold; background-color: transparent; font-size: 0.933333rem;\">&nbsp;<\/span><span style=\"font-style: normal; font-weight: bold; background-color: transparent; font-size: 0.933333rem;\">&nbsp;<\/span><span style=\"font-weight: bold; background-color: transparent;\"><span style=\"font-size: 0.933333rem;\">contador@hqecolombia.com<\/span><span style=\"font-size: 14px;\"><br><\/span><\/span><a style=\"font-size: 14px; font-style: normal; font-weight: bold; color: #ffffff;\" href=\"https:\/\/www.hqecolombia.com\/hqeweb\/wp-content\/uploads\/2020\/12\/correo-electronico.svg\"><img decoding=\"async\" src=\"https:\/\/www.hqecolombia.com\/hqeweb\/wp-content\/uploads\/2020\/12\/correo-electronico.svg\" alt=\"\" width=\"20\"><\/a><span style=\"font-size: 14px; background-color: transparent;\">&nbsp; <\/span><span style=\"font-size: 14px; background-color: transparent;\">recursoshumanos@hqecolombia.com<\/span><\/h5><\/div>\n\t\t\t\t<\/div>\n\t\t\t\t<\/div>\n\t\t\t\t<div class=\"elementor-element elementor-element-7c9691a elementor-widget elementor-widget-text-editor\" data-id=\"7c9691a\" data-element_type=\"widget\" data-widget_type=\"text-editor.default\">\n\t\t\t\t<div class=\"elementor-widget-container\">\n\t\t\t\t\t<div class=\"elementor-text-editor elementor-clearfix\"><\/div>\n\t\t\t\t<\/div>\n\t\t\t\t<\/div>\n\t\t\t\t\t\t<\/div>\n\t\t\t\t\t<\/div>\n\t\t<\/div>\n\t\t\t\t<div class=\"elementor-column elementor-col-50 elementor-inner-column elementor-element elementor-element-bf11e4c\" data-id=\"bf11e4c\" data-element_type=\"column\">\n\t\t\t<div class=\"elementor-column-wrap elementor-element-populated\">\n\t\t\t\t\t\t\t<div class=\"elementor-widget-wrap\">\n\t\t\t\t\t\t<div class=\"elementor-element elementor-element-50acc2a elementor-button-align-stretch elementor-widget elementor-widget-form\" data-id=\"50acc2a\" data-element_type=\"widget\" data-settings=\"{&quot;step_next_label&quot;:&quot;Next&quot;,&quot;step_previous_label&quot;:&quot;Previous&quot;,&quot;button_width&quot;:&quot;100&quot;,&quot;step_type&quot;:&quot;number_text&quot;,&quot;step_icon_shape&quot;:&quot;circle&quot;}\" data-widget_type=\"form.default\">\n\t\t\t\t<div class=\"elementor-widget-container\">\n\t\t\t\t\t<form class=\"elementor-form\" method=\"post\" name=\"New Form\">\n\t\t\t<input type=\"hidden\" name=\"post_id\" value=\"2029\"\/>\n\t\t\t<input type=\"hidden\" name=\"form_id\" value=\"50acc2a\"\/>\n\n\t\t\t\n\t\t\t<div class=\"elementor-form-fields-wrapper elementor-labels-above\">\n\t\t\t\t\t\t\t\t<div class=\"elementor-field-type-text elementor-field-group elementor-column elementor-field-group-name elementor-col-100\">\n\t\t\t\t\t<label for=\"form-field-name\" class=\"elementor-field-label\">Nombre<\/label><input size=\"1\" type=\"text\" name=\"form_fields[name]\" id=\"form-field-name\" class=\"elementor-field elementor-size-sm  elementor-field-textual\" placeholder=\"Nombre\">\t\t\t\t<\/div>\n\t\t\t\t\t\t\t\t<div class=\"elementor-field-type-email elementor-field-group elementor-column elementor-field-group-email elementor-col-100 elementor-field-required\">\n\t\t\t\t\t<label for=\"form-field-email\" class=\"elementor-field-label\">Email<\/label><input size=\"1\" type=\"email\" name=\"form_fields[email]\" id=\"form-field-email\" class=\"elementor-field elementor-size-sm  elementor-field-textual\" placeholder=\"Email\" required=\"required\" aria-required=\"true\">\t\t\t\t<\/div>\n\t\t\t\t\t\t\t\t<div class=\"elementor-field-type-text elementor-field-group elementor-column elementor-field-group-empresa elementor-col-100\">\n\t\t\t\t\t<label for=\"form-field-empresa\" class=\"elementor-field-label\">Empresa<\/label><input size=\"1\" type=\"text\" name=\"form_fields[empresa]\" id=\"form-field-empresa\" class=\"elementor-field elementor-size-sm  elementor-field-textual\" placeholder=\"Empresa\">\t\t\t\t<\/div>\n\t\t\t\t\t\t\t\t<div class=\"elementor-field-type-text elementor-field-group elementor-column elementor-field-group-tel elementor-col-100\">\n\t\t\t\t\t<label for=\"form-field-tel\" class=\"elementor-field-label\">Telefono<\/label><input size=\"1\" type=\"text\" name=\"form_fields[tel]\" id=\"form-field-tel\" class=\"elementor-field elementor-size-sm  elementor-field-textual\" placeholder=\"Telefono\">\t\t\t\t<\/div>\n\t\t\t\t\t\t\t\t<div class=\"elementor-field-type-select elementor-field-group elementor-column elementor-field-group-categoria elementor-col-100\">\n\t\t\t\t\t<label for=\"form-field-categoria\" class=\"elementor-field-label\">Categor\u00eda<\/label>\t\t<div class=\"elementor-field elementor-select-wrapper \">\n\t\t\t<select name=\"form_fields[categoria]\" id=\"form-field-categoria\" class=\"elementor-field-textual elementor-size-sm\">\n\t\t\t\t<option value=\"Petici\u00f3n\">Petici\u00f3n<\/option><option value=\"Queja\">Queja<\/option><option value=\"Reclamo\">Reclamo<\/option><option value=\"Sugerencia\">Sugerencia<\/option><option value=\"Felicitaci\u00f3n\">Felicitaci\u00f3n<\/option>\t\t\t<\/select>\n\t\t<\/div>\n\t\t\t\t\t\t<\/div>\n\t\t\t\t\t\t\t\t<div class=\"elementor-field-type-select elementor-field-group elementor-column elementor-field-group-solicitante elementor-col-100\">\n\t\t\t\t\t<label for=\"form-field-solicitante\" class=\"elementor-field-label\">Solicitante<\/label>\t\t<div class=\"elementor-field elementor-select-wrapper \">\n\t\t\t<select name=\"form_fields[solicitante]\" id=\"form-field-solicitante\" class=\"elementor-field-textual elementor-size-sm\">\n\t\t\t\t<option value=\"Particular\">Particular<\/option><option value=\"Cliente\">Cliente<\/option><option value=\"Ciudadano\">Ciudadano<\/option><option value=\"Trabajador\">Trabajador<\/option><option value=\"Proveedor\">Proveedor<\/option>\t\t\t<\/select>\n\t\t<\/div>\n\t\t\t\t\t\t<\/div>\n\t\t\t\t\t\t\t\t<div class=\"elementor-field-type-select elementor-field-group elementor-column elementor-field-group-grupopoblacional elementor-col-100\">\n\t\t\t\t\t<label for=\"form-field-grupopoblacional\" class=\"elementor-field-label\">Grupo poblacional al que pertenece<\/label>\t\t<div class=\"elementor-field elementor-select-wrapper \">\n\t\t\t<select name=\"form_fields[grupopoblacional]\" id=\"form-field-grupopoblacional\" class=\"elementor-field-textual elementor-size-sm\">\n\t\t\t\t<option value=\"J\u00f3venes entre 18 y 28 a\u00f1os \">J\u00f3venes entre 18 y 28 a\u00f1os <\/option><option value=\"Afrodescendientes \">Afrodescendientes <\/option><option value=\"ind\u00edgenas y otras minor\u00edas \u00e9tnicas \">ind\u00edgenas y otras minor\u00edas \u00e9tnicas <\/option><option value=\"V\u00edctimas del conflicto armado\">V\u00edctimas del conflicto armado<\/option><option value=\"Personas con discapacidad \">Personas con discapacidad <\/option><option value=\"Sindicatos \">Sindicatos <\/option><option value=\"Comunidad \">Comunidad <\/option><option value=\"Otro\">Otro<\/option>\t\t\t<\/select>\n\t\t<\/div>\n\t\t\t\t\t\t<\/div>\n\t\t\t\t\t\t\t\t<div class=\"elementor-field-type-textarea elementor-field-group elementor-column elementor-field-group-message elementor-col-100\">\n\t\t\t\t\t<label for=\"form-field-message\" class=\"elementor-field-label\">Mensaje<\/label><textarea class=\"elementor-field-textual elementor-field  elementor-size-sm\" name=\"form_fields[message]\" id=\"form-field-message\" rows=\"4\" placeholder=\"Mensaje\"><\/textarea>\t\t\t\t<\/div>\n\t\t\t\t\t\t\t\t<div class=\"elementor-field-type-acceptance elementor-field-group elementor-column elementor-field-group-politicas_ elementor-col-100 elementor-field-required\">\n\t\t\t\t\t<div class=\"elementor-field-subgroup\"><span class=\"elementor-field-option\"><input type=\"checkbox\" name=\"form_fields[politicas_]\" id=\"form-field-politicas_\" class=\"elementor-field elementor-size-sm  elementor-acceptance-field\" required=\"required\" aria-required=\"true\"> <label for=\"form-field-politicas_\">Autorizo de manera voluntaria, previa, expl\u00edcita, informada e inequ\u00edvoca, que mis datos personales sean recolectados y tratados de conformidad con la <a href=\"https:\/\/hqecolombia.co\/hqeweb\/politica-de-tratamiento-de-datos\/\">Pol\u00edtica de Tratamiento de la Informaci\u00f3n de HQE S.A.S. <\/a><\/label><\/span><\/div>\t\t\t\t<\/div>\n\t\t\t\t\t\t\t\t<div class=\"elementor-field-group elementor-column elementor-field-type-submit elementor-col-100 e-form__buttons\">\n\t\t\t\t\t<button type=\"submit\" class=\"elementor-button elementor-size-sm\">\n\t\t\t\t\t\t<span >\n\t\t\t\t\t\t\t\t\t\t\t\t\t\t\t<span class=\" elementor-button-icon\">\n\t\t\t\t\t\t\t\t\t\t\t\t\t\t\t\t\t\t\t\t\t\t\t\t\t\t<\/span>\n\t\t\t\t\t\t\t\t\t\t\t\t\t\t\t\t\t\t\t\t\t\t<span class=\"elementor-button-text\">Enviar<\/span>\n\t\t\t\t\t\t\t\t\t\t\t\t\t<\/span>\n\t\t\t\t\t<\/button>\n\t\t\t\t<\/div>\n\t\t\t<\/div>\n\t\t<\/form>\n\t\t\t\t<\/div>\n\t\t\t\t<\/div>\n\t\t\t\t\t\t<\/div>\n\t\t\t\t\t<\/div>\n\t\t<\/div>\n\t\t\t\t\t\t\t\t<\/div>\n\t\t\t\t\t<\/div>\n\t\t<\/section>\n\t\t\t\t\t\t<\/div>\n\t\t\t\t\t<\/div>\n\t\t<\/div>\n\t\t\t\t\t\t\t\t<\/div>\n\t\t\t\t\t<\/div>\n\t\t<\/section>\n\t\t\t\t\t\t<\/div>\n\t\t\t\t\t\t<\/div>\n\t\t\t\t\t<\/div>\n\t\t","protected":false},"excerpt":{"rendered":"<p>Contactenos Para nosotros es un gusto atender su solicitud. Llene el formulario y en breve estaremos en contacto con usted. &nbsp;(+57) 313 3921540&nbsp; contacto@hqecolombia.com&nbsp; Carrera 14 #76-26 Of 705 Notificaciones Judiciales:&nbsp;&nbsp;&nbsp;contador@hqecolombia.com&nbsp; recursoshumanos@hqecolombia.com<\/p>\n","protected":false},"author":1,"featured_media":0,"parent":0,"menu_order":0,"comment_status":"closed","ping_status":"closed","template":"","meta":[],"_links":{"self":[{"href":"https:\/\/hqecolombia.co\/hqeweb\/wp-json\/wp\/v2\/pages\/2029"}],"collection":[{"href":"https:\/\/hqecolombia.co\/hqeweb\/wp-json\/wp\/v2\/pages"}],"about":[{"href":"https:\/\/hqecolombia.co\/hqeweb\/wp-json\/wp\/v2\/types\/page"}],"author":[{"embeddable":true,"href":"https:\/\/hqecolombia.co\/hqeweb\/wp-json\/wp\/v2\/users\/1"}],"replies":[{"embeddable":true,"href":"https:\/\/hqecolombia.co\/hqeweb\/wp-json\/wp\/v2\/comments?post=2029"}],"version-history":[{"count":15,"href":"https:\/\/hqecolombia.co\/hqeweb\/wp-json\/wp\/v2\/pages\/2029\/revisions"}],"predecessor-version":[{"id":2613,"href":"https:\/\/hqecolombia.co\/hqeweb\/wp-json\/wp\/v2\/pages\/2029\/revisions\/2613"}],"wp:attachment":[{"href":"https:\/\/hqecolombia.co\/hqeweb\/wp-json\/wp\/v2\/media?parent=2029"}],"curies":[{"name":"wp","href":"https:\/\/api.w.org\/{rel}","templated":true}]}}